{"id":789,"date":"2025-02-17T18:05:16","date_gmt":"2025-02-17T15:05:16","guid":{"rendered":"https:\/\/aslihankaratas.com\/?page_id=789"},"modified":"2025-02-17T18:05:17","modified_gmt":"2025-02-17T15:05:17","slug":"django","status":"publish","type":"page","link":"https:\/\/aslihankaratas.com\/index.php\/django\/","title":{"rendered":"DJANGO"},"content":{"rendered":"\n<p>Django, Python programlama diliyle yaz\u0131lm\u0131\u015f, a\u00e7\u0131k kaynakl\u0131 bir web geli\u015ftirme \u00e7er\u00e7evesidir (framework). Django, web uygulamalar\u0131 geli\u015ftirme s\u00fcrecini h\u0131zland\u0131rmak ve kolayla\u015ft\u0131rmak amac\u0131yla tasarlanm\u0131\u015ft\u0131r. G\u00fc\u00e7l\u00fc bir yap\u0131ya sahiptir ve h\u0131zl\u0131, g\u00fcvenilir, \u00f6l\u00e7eklenebilir projeler geli\u015ftirmek i\u00e7in kullan\u0131l\u0131r.<\/p>\n\n\n\n<h2 class=\"wp-block-heading\"><strong>DJANGO&#8217;NUN AVANTAJLARI<\/strong><\/h2>\n\n\n\n<p><strong>H\u0131zl\u0131 ve Kolay Geli\u015ftirme:<\/strong><\/p>\n\n\n\n<ul class=\"wp-block-list\">\n<li>Django ile birka\u00e7 sat\u0131r kod yazarak bir uygulama ba\u015flatabilirsiniz.<\/li>\n<\/ul>\n\n\n\n<p><strong>Haz\u0131r Ara\u00e7lar:<\/strong><\/p>\n\n\n\n<ul class=\"wp-block-list\">\n<li>\u00d6rne\u011fin, bir admin paneli olu\u015fturmak i\u00e7in ek bir kod yazman\u0131za gerek yoktur.<\/li>\n<\/ul>\n\n\n\n<p><strong>G\u00fc\u00e7l\u00fc Veritaban\u0131 Y\u00f6netimi:<\/strong><\/p>\n\n\n\n<ul class=\"wp-block-list\">\n<li>Django, ORM (Object-Relational Mapping) kullanarak Python kodu ile veritaban\u0131 i\u015flemleri yapmay\u0131 kolayla\u015ft\u0131r\u0131r.<\/li>\n<\/ul>\n\n\n\n<p><strong>\u00d6l\u00e7eklenebilirlik:<\/strong><\/p>\n\n\n\n<ul class=\"wp-block-list\">\n<li>Django, y\u00fcksek trafikli uygulamalarda kullan\u0131labilir. \u00d6rne\u011fin: Instagram, Pinterest gibi platformlar Django kullan\u0131r.<\/li>\n<\/ul>\n\n\n\n<p><strong>SEO Dostu:<\/strong><\/p>\n\n\n\n<ul class=\"wp-block-list\">\n<li>Django&#8217;nun URL tasar\u0131m\u0131, web uygulaman\u0131z\u0131n SEO (Arama Motoru Optimizasyonu) dostu olmas\u0131n\u0131 sa\u011flar.<\/li>\n<\/ul>\n\n\n\n<h2 class=\"wp-block-heading\"><strong>DJANGONUN KULLANIM ALANLARI<\/strong><\/h2>\n\n\n\n<ol class=\"wp-block-list\">\n<li><strong>Web Siteleri ve Web Uygulamalar\u0131:<\/strong>\n<ul class=\"wp-block-list\">\n<li>Bloglar, haber siteleri, \u015firket web siteleri gibi.<\/li>\n<\/ul>\n<\/li>\n\n\n\n<li><strong>E-Ticaret Siteleri:<\/strong>\n<ul class=\"wp-block-list\">\n<li>\u00dcr\u00fcn kataloglar\u0131, al\u0131\u015fveri\u015f sepetleri, \u00f6deme sistemleri.<\/li>\n<\/ul>\n<\/li>\n\n\n\n<li><strong>Sosyal A\u011flar:<\/strong>\n<ul class=\"wp-block-list\">\n<li>Kullan\u0131c\u0131lar\u0131n i\u00e7erik payla\u015fabildi\u011fi ve etkile\u015fim kurabildi\u011fi platformlar.<\/li>\n<\/ul>\n<\/li>\n\n\n\n<li><strong>E\u011fitim Platformlar\u0131:<\/strong>\n<ul class=\"wp-block-list\">\n<li>Online ders i\u00e7erikleri ve kullan\u0131c\u0131 y\u00f6netimi.<\/li>\n<\/ul>\n<\/li>\n\n\n\n<li><strong>API Geli\u015ftirme:<\/strong>\n<ul class=\"wp-block-list\">\n<li>Django, REST API\u2019ler geli\u015ftirmek i\u00e7in Django REST Framework ile birlikte kullan\u0131labilir.<\/li>\n<\/ul>\n<\/li>\n<\/ol>\n\n\n\n<h2 class=\"wp-block-heading\"><strong>DJANGONUN \u00d6ZELL\u0130KLER\u0130<\/strong><\/h2>\n\n\n\n<p><strong>MVT Mimarisi (Model-View-Template):<\/strong><\/p>\n\n\n\n<ul class=\"wp-block-list\">\n<li>Django, <strong>Model-View-Template (MVT)<\/strong> ad\u0131nda bir tasar\u0131m mimarisini kullan\u0131r:\n<ul class=\"wp-block-list\">\n<li><strong>Model:<\/strong> Veritaban\u0131 i\u015flemleri ve veri y\u00f6netimi.<\/li>\n\n\n\n<li><strong>View:<\/strong> \u0130\u015f mant\u0131\u011f\u0131n\u0131 i\u00e7eren yap\u0131.<\/li>\n\n\n\n<li><strong>Template:<\/strong> HTML dosyalar\u0131 arac\u0131l\u0131\u011f\u0131yla kullan\u0131c\u0131ya g\u00f6sterilecek g\u00f6r\u00fcn\u00fcm.<\/li>\n<\/ul>\n<\/li>\n<\/ul>\n\n\n\n<p><strong>H\u0131zl\u0131 Geli\u015ftirme:<\/strong><\/p>\n\n\n\n<ul class=\"wp-block-list\">\n<li>Django, bir\u00e7ok haz\u0131r \u00f6zellik sundu\u011fu i\u00e7in uygulamalar\u0131n daha h\u0131zl\u0131 geli\u015ftirilmesini sa\u011flar. \u00d6rne\u011fin:\n<ul class=\"wp-block-list\">\n<li>Otomatik admin paneli.<\/li>\n\n\n\n<li>Haz\u0131r kullan\u0131c\u0131 kimlik do\u011frulama sistemi.<\/li>\n<\/ul>\n<\/li>\n<\/ul>\n\n\n\n<p><strong>Tam Donan\u0131ml\u0131:<\/strong><\/p>\n\n\n\n<ul class=\"wp-block-list\">\n<li>Django, \u015fifreleme, oturum y\u00f6netimi, form i\u015fleme, kullan\u0131c\u0131 kimlik do\u011frulama gibi bir\u00e7ok yerle\u015fik ara\u00e7la birlikte gelir.<\/li>\n<\/ul>\n\n\n\n<p><strong>G\u00fcvenlik:<\/strong><\/p>\n\n\n\n<ul class=\"wp-block-list\">\n<li>Django, CSRF korumas\u0131, SQL Injection gibi yayg\u0131n g\u00fcvenlik a\u00e7\u0131klar\u0131na kar\u015f\u0131 yerle\u015fik koruma sa\u011flar.<\/li>\n<\/ul>\n\n\n\n<p><strong>Mod\u00fclerlik:<\/strong><\/p>\n\n\n\n<ul class=\"wp-block-list\">\n<li>Django, projelerinizi k\u00fc\u00e7\u00fck, yeniden kullan\u0131labilir uygulamalara (apps) b\u00f6lmenizi sa\u011flar.<\/li>\n<\/ul>\n\n\n\n<p><strong>Ta\u015f\u0131nabilirlik:<\/strong><\/p>\n\n\n\n<ul class=\"wp-block-list\">\n<li>Django, herhangi bir platformda \u00e7al\u0131\u015fabilir: Linux, Windows, macOS.<\/li>\n<\/ul>\n\n\n\n<p><strong>Topluluk ve Belgeler:<\/strong><\/p>\n\n\n\n<ul class=\"wp-block-list\">\n<li>Django&#8217;nun geni\u015f bir toplulu\u011fu ve kapsaml\u0131 bir belgelendirmesi vard\u0131r.<\/li>\n<\/ul>\n\n\n\n<figure class=\"wp-block-embed is-type-video is-provider-youtube wp-block-embed-youtube wp-embed-aspect-16-9 wp-has-aspect-ratio\"><div class=\"wp-block-embed__wrapper\">\n<iframe loading=\"lazy\" title=\"Python&#039;\u0131n Webdeki Y\u0131ld\u0131z\u0131: Django Nedir?\" width=\"960\" height=\"540\" src=\"https:\/\/www.youtube.com\/embed\/GiedXI-P5hI?feature=oembed\" frameborder=\"0\" allow=\"accelerometer; autoplay; clipboard-write; encrypted-media; gyroscope; picture-in-picture; web-share\" referrerpolicy=\"strict-origin-when-cross-origin\" allowfullscreen><\/iframe>\n<\/div><\/figure>\n\n\n\n<h3 class=\"wp-block-heading\"><strong>Django&#8217;nun Rakipleri<\/strong><\/h3>\n\n\n\n<ol class=\"wp-block-list\">\n<li><strong>Flask (Python):<\/strong> Hafif ve minimal bir framework. Daha esnek, ancak baz\u0131 \u00f6zellikler manuel olarak eklenmeli.<\/li>\n\n\n\n<li><strong>Ruby on Rails:<\/strong> Django gibi tam donan\u0131ml\u0131 bir framework, ancak Ruby dilinde \u00e7al\u0131\u015f\u0131r.<\/li>\n\n\n\n<li><strong>Express.js (Node.js):<\/strong> JavaScript tabanl\u0131, hafif bir framework.<\/li>\n<\/ol>\n","protected":false},"excerpt":{"rendered":"<p>Django, Python programlama diliyle yaz\u0131lm\u0131\u015f, a\u00e7\u0131k kaynakl\u0131 bir web geli\u015ftirme \u00e7er\u00e7evesidir (framework). Django, web uygulamalar\u0131 geli\u015ftirme s\u00fcrecini h\u0131zland\u0131rmak ve kolayla\u015ft\u0131rmak amac\u0131yla tasarlanm\u0131\u015ft\u0131r. G\u00fc\u00e7l\u00fc bir yap\u0131ya sahiptir ve h\u0131zl\u0131, g\u00fcvenilir, \u00f6l\u00e7eklenebilir projeler geli\u015ftirmek i\u00e7in kullan\u0131l\u0131r. DJANGO&#8217;NUN AVANTAJLARI H\u0131zl\u0131 ve Kolay Geli\u015ftirme: Haz\u0131r Ara\u00e7lar: G\u00fc\u00e7l\u00fc Veritaban\u0131 Y\u00f6netimi: \u00d6l\u00e7eklenebilirlik: SEO Dostu: DJANGONUN KULLANIM ALANLARI DJANGONUN \u00d6ZELL\u0130KLER\u0130 MVT Mimarisi (Model-View-Template): H\u0131zl\u0131 Geli\u015ftirme: Tam Donan\u0131ml\u0131: G\u00fcvenlik: Mod\u00fclerlik: Ta\u015f\u0131nabilirlik: Topluluk ve Belgeler: Django&#8217;nun Rakipleri<\/p>\n","protected":false},"author":1,"featured_media":0,"parent":0,"menu_order":0,"comment_status":"closed","ping_status":"closed","template":"","meta":{"footnotes":""},"class_list":["post-789","page","type-page","status-publish","hentry"],"yoast_head":"<!-- This site is optimized with the Yoast SEO plugin v22.6 - https:\/\/yoast.com\/wordpress\/plugins\/seo\/ -->\n<title>DJANGO - ASLIHAN KARATA\u015e<\/title>\n<meta name=\"robots\" content=\"index, follow, max-snippet:-1, max-image-preview:large, max-video-preview:-1\" \/>\n<link rel=\"canonical\" href=\"https:\/\/aslihankaratas.com\/index.php\/django\/\" \/>\n<meta property=\"og:locale\" content=\"tr_TR\" \/>\n<meta property=\"og:type\" content=\"article\" \/>\n<meta property=\"og:title\" content=\"DJANGO - ASLIHAN KARATA\u015e\" \/>\n<meta property=\"og:description\" content=\"Django, Python programlama diliyle yaz\u0131lm\u0131\u015f, a\u00e7\u0131k kaynakl\u0131 bir web geli\u015ftirme \u00e7er\u00e7evesidir (framework). Django, web uygulamalar\u0131 geli\u015ftirme s\u00fcrecini h\u0131zland\u0131rmak ve kolayla\u015ft\u0131rmak amac\u0131yla tasarlanm\u0131\u015ft\u0131r. G\u00fc\u00e7l\u00fc bir yap\u0131ya sahiptir ve h\u0131zl\u0131, g\u00fcvenilir, \u00f6l\u00e7eklenebilir projeler geli\u015ftirmek i\u00e7in kullan\u0131l\u0131r. DJANGO&#8217;NUN AVANTAJLARI H\u0131zl\u0131 ve Kolay Geli\u015ftirme: Haz\u0131r Ara\u00e7lar: G\u00fc\u00e7l\u00fc Veritaban\u0131 Y\u00f6netimi: \u00d6l\u00e7eklenebilirlik: SEO Dostu: DJANGONUN KULLANIM ALANLARI DJANGONUN \u00d6ZELL\u0130KLER\u0130 MVT Mimarisi (Model-View-Template): H\u0131zl\u0131 Geli\u015ftirme: Tam Donan\u0131ml\u0131: G\u00fcvenlik: Mod\u00fclerlik: Ta\u015f\u0131nabilirlik: Topluluk ve Belgeler: Django&#8217;nun Rakipleri\" \/>\n<meta property=\"og:url\" content=\"https:\/\/aslihankaratas.com\/index.php\/django\/\" \/>\n<meta property=\"og:site_name\" content=\"ASLIHAN KARATA\u015e\" \/>\n<meta property=\"article:modified_time\" content=\"2025-02-17T15:05:17+00:00\" \/>\n<meta name=\"twitter:card\" content=\"summary_large_image\" \/>\n<meta name=\"twitter:label1\" content=\"Tahmini okuma s\u00fcresi\" \/>\n\t<meta name=\"twitter:data1\" content=\"2 dakika\" \/>\n<script type=\"application\/ld+json\" class=\"yoast-schema-graph\">{\"@context\":\"https:\/\/schema.org\",\"@graph\":[{\"@type\":\"WebPage\",\"@id\":\"https:\/\/aslihankaratas.com\/index.php\/django\/\",\"url\":\"https:\/\/aslihankaratas.com\/index.php\/django\/\",\"name\":\"DJANGO - ASLIHAN KARATA\u015e\",\"isPartOf\":{\"@id\":\"https:\/\/aslihankaratas.com\/#website\"},\"datePublished\":\"2025-02-17T15:05:16+00:00\",\"dateModified\":\"2025-02-17T15:05:17+00:00\",\"breadcrumb\":{\"@id\":\"https:\/\/aslihankaratas.com\/index.php\/django\/#breadcrumb\"},\"inLanguage\":\"tr\",\"potentialAction\":[{\"@type\":\"ReadAction\",\"target\":[\"https:\/\/aslihankaratas.com\/index.php\/django\/\"]}]},{\"@type\":\"BreadcrumbList\",\"@id\":\"https:\/\/aslihankaratas.com\/index.php\/django\/#breadcrumb\",\"itemListElement\":[{\"@type\":\"ListItem\",\"position\":1,\"name\":\"Anasayfa\",\"item\":\"https:\/\/aslihankaratas.com\/\"},{\"@type\":\"ListItem\",\"position\":2,\"name\":\"DJANGO\"}]},{\"@type\":\"WebSite\",\"@id\":\"https:\/\/aslihankaratas.com\/#website\",\"url\":\"https:\/\/aslihankaratas.com\/\",\"name\":\"ASLIHAN KARATA\u015e\",\"description\":\"Lecturer\",\"potentialAction\":[{\"@type\":\"SearchAction\",\"target\":{\"@type\":\"EntryPoint\",\"urlTemplate\":\"https:\/\/aslihankaratas.com\/?s={search_term_string}\"},\"query-input\":\"required name=search_term_string\"}],\"inLanguage\":\"tr\"}]}<\/script>\n<!-- \/ Yoast SEO plugin. -->","yoast_head_json":{"title":"DJANGO - ASLIHAN KARATA\u015e","robots":{"index":"index","follow":"follow","max-snippet":"max-snippet:-1","max-image-preview":"max-image-preview:large","max-video-preview":"max-video-preview:-1"},"canonical":"https:\/\/aslihankaratas.com\/index.php\/django\/","og_locale":"tr_TR","og_type":"article","og_title":"DJANGO - ASLIHAN KARATA\u015e","og_description":"Django, Python programlama diliyle yaz\u0131lm\u0131\u015f, a\u00e7\u0131k kaynakl\u0131 bir web geli\u015ftirme \u00e7er\u00e7evesidir (framework). Django, web uygulamalar\u0131 geli\u015ftirme s\u00fcrecini h\u0131zland\u0131rmak ve kolayla\u015ft\u0131rmak amac\u0131yla tasarlanm\u0131\u015ft\u0131r. G\u00fc\u00e7l\u00fc bir yap\u0131ya sahiptir ve h\u0131zl\u0131, g\u00fcvenilir, \u00f6l\u00e7eklenebilir projeler geli\u015ftirmek i\u00e7in kullan\u0131l\u0131r. DJANGO&#8217;NUN AVANTAJLARI H\u0131zl\u0131 ve Kolay Geli\u015ftirme: Haz\u0131r Ara\u00e7lar: G\u00fc\u00e7l\u00fc Veritaban\u0131 Y\u00f6netimi: \u00d6l\u00e7eklenebilirlik: SEO Dostu: DJANGONUN KULLANIM ALANLARI DJANGONUN \u00d6ZELL\u0130KLER\u0130 MVT Mimarisi (Model-View-Template): H\u0131zl\u0131 Geli\u015ftirme: Tam Donan\u0131ml\u0131: G\u00fcvenlik: Mod\u00fclerlik: Ta\u015f\u0131nabilirlik: Topluluk ve Belgeler: Django&#8217;nun Rakipleri","og_url":"https:\/\/aslihankaratas.com\/index.php\/django\/","og_site_name":"ASLIHAN KARATA\u015e","article_modified_time":"2025-02-17T15:05:17+00:00","twitter_card":"summary_large_image","twitter_misc":{"Tahmini okuma s\u00fcresi":"2 dakika"},"schema":{"@context":"https:\/\/schema.org","@graph":[{"@type":"WebPage","@id":"https:\/\/aslihankaratas.com\/index.php\/django\/","url":"https:\/\/aslihankaratas.com\/index.php\/django\/","name":"DJANGO - ASLIHAN KARATA\u015e","isPartOf":{"@id":"https:\/\/aslihankaratas.com\/#website"},"datePublished":"2025-02-17T15:05:16+00:00","dateModified":"2025-02-17T15:05:17+00:00","breadcrumb":{"@id":"https:\/\/aslihankaratas.com\/index.php\/django\/#breadcrumb"},"inLanguage":"tr","potentialAction":[{"@type":"ReadAction","target":["https:\/\/aslihankaratas.com\/index.php\/django\/"]}]},{"@type":"BreadcrumbList","@id":"https:\/\/aslihankaratas.com\/index.php\/django\/#breadcrumb","itemListElement":[{"@type":"ListItem","position":1,"name":"Anasayfa","item":"https:\/\/aslihankaratas.com\/"},{"@type":"ListItem","position":2,"name":"DJANGO"}]},{"@type":"WebSite","@id":"https:\/\/aslihankaratas.com\/#website","url":"https:\/\/aslihankaratas.com\/","name":"ASLIHAN KARATA\u015e","description":"Lecturer","potentialAction":[{"@type":"SearchAction","target":{"@type":"EntryPoint","urlTemplate":"https:\/\/aslihankaratas.com\/?s={search_term_string}"},"query-input":"required name=search_term_string"}],"inLanguage":"tr"}]}},"jetpack_sharing_enabled":true,"_links":{"self":[{"href":"https:\/\/aslihankaratas.com\/index.php\/wp-json\/wp\/v2\/pages\/789","targetHints":{"allow":["GET"]}}],"collection":[{"href":"https:\/\/aslihankaratas.com\/index.php\/wp-json\/wp\/v2\/pages"}],"about":[{"href":"https:\/\/aslihankaratas.com\/index.php\/wp-json\/wp\/v2\/types\/page"}],"author":[{"embeddable":true,"href":"https:\/\/aslihankaratas.com\/index.php\/wp-json\/wp\/v2\/users\/1"}],"replies":[{"embeddable":true,"href":"https:\/\/aslihankaratas.com\/index.php\/wp-json\/wp\/v2\/comments?post=789"}],"version-history":[{"count":1,"href":"https:\/\/aslihankaratas.com\/index.php\/wp-json\/wp\/v2\/pages\/789\/revisions"}],"predecessor-version":[{"id":790,"href":"https:\/\/aslihankaratas.com\/index.php\/wp-json\/wp\/v2\/pages\/789\/revisions\/790"}],"wp:attachment":[{"href":"https:\/\/aslihankaratas.com\/index.php\/wp-json\/wp\/v2\/media?parent=789"}],"curies":[{"name":"wp","href":"https:\/\/api.w.org\/{rel}","templated":true}]}}