{"id":961,"date":"2025-07-15T23:10:34","date_gmt":"2025-07-15T20:10:34","guid":{"rendered":"https:\/\/aslihankaratas.com\/?page_id=961"},"modified":"2025-08-21T20:20:02","modified_gmt":"2025-08-21T17:20:02","slug":"mesleki-proje","status":"publish","type":"page","link":"https:\/\/aslihankaratas.com\/index.php\/mesleki-proje\/","title":{"rendered":"MESLEK\u0130 PROJE"},"content":{"rendered":"\n<h3 class=\"wp-block-heading\">\ud83d\udcc5 <strong>G\u00f6r\u00fc\u015fmeler<\/strong><\/h3>\n\n\n\n<ul class=\"wp-block-list\">\n<li>Randevulu grup g\u00f6r\u00fc\u015fmeleri yap\u0131lacakt\u0131r.<\/li>\n\n\n\n<li>Kat\u0131l\u0131m zorunludur. Kat\u0131lmama durumunuz vize\/final notunuzu etkiler.<\/li>\n<\/ul>\n\n\n\n<hr class=\"wp-block-separator has-alpha-channel-opacity\"\/>\n\n\n\n<h3 class=\"wp-block-heading\">\u2705 <strong>Vize S\u00fcreci i\u00e7in Haz\u0131rl\u0131klar<\/strong><\/h3>\n\n\n\n<h4 class=\"wp-block-heading\">\ud83d\udd27 <strong>Teslim Edilecek \u00dcr\u00fcnler<\/strong><\/h4>\n\n\n\n<ul class=\"wp-block-list\">\n<li>Prototipin en az %60\u2019\u0131 tamamlanm\u0131\u015f olmal\u0131d\u0131r.<\/li>\n\n\n\n<li>A\u015fa\u011f\u0131daki \u00f6geler her \u00f6\u011frenci taraf\u0131ndan UZEM\u2019e y\u00fcklenmelidir:\n<ul class=\"wp-block-list\">\n<li>Sunum dosyas\u0131 (payla\u015f\u0131lan \u015fablona uygun A4 boyutunda, 1 sayfaya 6 slayt \u015feklinde)<\/li>\n\n\n\n<li>Infografik (A4 bask\u0131)<\/li>\n\n\n\n<li>Logo<\/li>\n\n\n\n<li>Proje ad\u0131<\/li>\n<\/ul>\n<\/li>\n<\/ul>\n\n\n\n<h3 class=\"wp-block-heading\">\ud83e\uddd1\u200d\u2696\ufe0f <strong>Sunum Kurallar\u0131<\/strong><\/h3>\n\n\n\n<ul class=\"wp-block-list\">\n<li>Sunum ve j\u00fcri s\u0131ralamas\u0131 kura ile belirlenecektir.<\/li>\n\n\n\n<li>Ba\u015flang\u0131\u00e7 saatinde t\u00fcm gruplar okulda haz\u0131r bulunmal\u0131d\u0131r.<\/li>\n<\/ul>\n\n\n\n<hr class=\"wp-block-separator has-alpha-channel-opacity\"\/>\n\n\n\n<h4 class=\"wp-block-heading\">\ud83d\udcdd <strong>Proje Lideri Taraf\u0131ndan Haz\u0131rlanacak<\/strong> <strong>(Vize ve Final)<\/strong><\/h4>\n\n\n\n<ul class=\"wp-block-list\">\n<li>Tak\u0131m \u00fcyeleri, g\u00f6rev da\u011f\u0131l\u0131m\u0131 ve detaylar\u0131 i\u00e7eren rapor\n<ul class=\"wp-block-list\">\n<li>Rapor, grup numaras\u0131 belirtilerek e-posta yoluyla g\u00f6nderilecektir.<\/li>\n\n\n\n<li>Ayr\u0131ca payla\u015f\u0131lan form hem vize hem de finalde doldurulmal\u0131d\u0131r. <\/li>\n<\/ul>\n<\/li>\n<\/ul>\n\n\n\n<hr class=\"wp-block-separator has-alpha-channel-opacity\"\/>\n\n\n\n<h3 class=\"wp-block-heading\">\ud83d\udc54 <strong>K\u0131l\u0131k K\u0131yafet Kurallar\u0131<\/strong> <strong>(Vize ve Final)<\/strong><\/h3>\n\n\n\n<ul class=\"wp-block-list\">\n<li>J\u00fcri sunumu ve sergide k\u0131l\u0131k k\u0131yafet proje ciddiyetinizi yans\u0131t\u0131r.<\/li>\n\n\n\n<li>Tak\u0131m elbise veya benzeri d\u00fczeyde resmi kombinler beklenmektedir.<\/li>\n<\/ul>\n\n\n\n<hr class=\"wp-block-separator has-alpha-channel-opacity\"\/>\n\n\n\n<h3 class=\"wp-block-heading\">\ud83c\udfaf <strong>Final D\u00f6nemi<\/strong><\/h3>\n\n\n\n<ul class=\"wp-block-list\">\n<li>Hem j\u00fcri sunumu hem de proje sergisi yap\u0131lacakt\u0131r.<\/li>\n\n\n\n<li>Sergiye kat\u0131lacak projeler, j\u00fcri taraf\u0131ndan se\u00e7ilecektir.<\/li>\n<\/ul>\n\n\n\n<h3 class=\"wp-block-heading\">\ud83e\uddd1\u200d\u2696\ufe0f <strong>Sunum Kurallar\u0131<\/strong><\/h3>\n\n\n\n<ul class=\"wp-block-list\">\n<li>Sunum ve j\u00fcri s\u0131ralamas\u0131 kura ile belirlenecektir.<\/li>\n\n\n\n<li>Ba\u015flang\u0131\u00e7 saatinde t\u00fcm gruplar okulda haz\u0131r bulunmal\u0131d\u0131r.<\/li>\n<\/ul>\n\n\n\n<hr class=\"wp-block-separator has-alpha-channel-opacity\"\/>\n\n\n\n<h4 class=\"wp-block-heading\">\ud83d\udda8\ufe0f <strong>Final Sunum G\u00fcn\u00fc<\/strong><\/h4>\n\n\n\n<ul class=\"wp-block-list\">\n<li>A\u015fa\u011f\u0131daki \u00f6geler her \u00f6\u011frenci taraf\u0131ndan UZEM\u2019e y\u00fcklenmelidir:\n<ul class=\"wp-block-list\">\n<li>Proje raporu (payla\u015f\u0131lan \u015fablona uygun)<\/li>\n\n\n\n<li>Infografik<strong> <\/strong>&#8211; 50\u00d770 boyutunda bask\u0131 (okul k\u0131rtasiyesinde yapt\u0131r\u0131labilir)<\/li>\n<\/ul>\n<\/li>\n\n\n\n<li>Infografik ve rapor \u00e7\u0131kt\u0131 al\u0131narak dosya i\u00e7erisinde sunuma getirilmelidir.<\/li>\n<\/ul>\n\n\n\n<p><strong>EKLER<\/strong><\/p>\n\n\n\n<ul class=\"wp-block-list\">\n<li><a href=\"https:\/\/docs.google.com\/presentation\/d\/1-PPlOWd880NYEOPm8bexKIoxRBRqpOMZ\/edit?usp=sharing&amp;ouid=103970593976859769929&amp;rtpof=true&amp;sd=true\">Vize Sunum \u015eablonu<\/a><\/li>\n\n\n\n<li><a href=\"https:\/\/docs.google.com\/document\/d\/1F5_deIX9JrkPa_qSQQYXEwmD56qwQEzS\/edit?usp=sharing&amp;ouid=103970593976859769929&amp;rtpof=true&amp;sd=true\">Final Rapor \u015eablonu<\/a><\/li>\n\n\n\n<li><a href=\"https:\/\/drive.google.com\/file\/d\/1Yyn907FjbDJ-AkVmz94ajsdGbcKl-ICY\/view?usp=sharing\">Final Raporuna Eklenecek Diyagram<\/a><\/li>\n<\/ul>\n\n\n\n<p><\/p>\n\n\n\n<div class=\"wp-block-buttons is-content-justification-center is-layout-flex wp-container-core-buttons-is-layout-16018d1d wp-block-buttons-is-layout-flex\">\n<div class=\"wp-block-button\"><a class=\"wp-block-button__link wp-element-button\" href=\"https:\/\/drive.google.com\/file\/d\/13uawBgX0WRbuE8-OXhDXAeY5j4pF9n4B\/view?usp=sharing\">\u00d6rnek Sorular<\/a><\/div>\n<\/div>\n","protected":false},"excerpt":{"rendered":"<p>\ud83d\udcc5 G\u00f6r\u00fc\u015fmeler \u2705 Vize S\u00fcreci i\u00e7in Haz\u0131rl\u0131klar \ud83d\udd27 Teslim Edilecek \u00dcr\u00fcnler \ud83e\uddd1\u200d\u2696\ufe0f Sunum Kurallar\u0131 \ud83d\udcdd Proje Lideri Taraf\u0131ndan Haz\u0131rlanacak (Vize ve Final) \ud83d\udc54 K\u0131l\u0131k K\u0131yafet Kurallar\u0131 (Vize ve Final) \ud83c\udfaf Final D\u00f6nemi \ud83e\uddd1\u200d\u2696\ufe0f Sunum Kurallar\u0131 \ud83d\udda8\ufe0f Final Sunum G\u00fcn\u00fc EKLER<\/p>\n","protected":false},"author":1,"featured_media":0,"parent":0,"menu_order":0,"comment_status":"closed","ping_status":"closed","template":"","meta":{"footnotes":""},"class_list":["post-961","page","type-page","status-publish","hentry"],"yoast_head":"<!-- This site is optimized with the Yoast SEO plugin v22.6 - https:\/\/yoast.com\/wordpress\/plugins\/seo\/ -->\n<title>MESLEK\u0130 PROJE - ASLIHAN KARATA\u015e<\/title>\n<meta name=\"robots\" content=\"index, follow, max-snippet:-1, max-image-preview:large, max-video-preview:-1\" \/>\n<link rel=\"canonical\" href=\"https:\/\/aslihankaratas.com\/index.php\/mesleki-proje\/\" \/>\n<meta property=\"og:locale\" content=\"tr_TR\" \/>\n<meta property=\"og:type\" content=\"article\" \/>\n<meta property=\"og:title\" content=\"MESLEK\u0130 PROJE - ASLIHAN KARATA\u015e\" \/>\n<meta property=\"og:description\" content=\"\ud83d\udcc5 G\u00f6r\u00fc\u015fmeler \u2705 Vize S\u00fcreci i\u00e7in Haz\u0131rl\u0131klar \ud83d\udd27 Teslim Edilecek \u00dcr\u00fcnler \ud83e\uddd1\u200d\u2696\ufe0f Sunum Kurallar\u0131 \ud83d\udcdd Proje Lideri Taraf\u0131ndan Haz\u0131rlanacak (Vize ve Final) \ud83d\udc54 K\u0131l\u0131k K\u0131yafet Kurallar\u0131 (Vize ve Final) \ud83c\udfaf Final D\u00f6nemi \ud83e\uddd1\u200d\u2696\ufe0f Sunum Kurallar\u0131 \ud83d\udda8\ufe0f Final Sunum G\u00fcn\u00fc EKLER\" \/>\n<meta property=\"og:url\" content=\"https:\/\/aslihankaratas.com\/index.php\/mesleki-proje\/\" \/>\n<meta property=\"og:site_name\" content=\"ASLIHAN KARATA\u015e\" \/>\n<meta property=\"article:modified_time\" content=\"2025-08-21T17:20:02+00:00\" \/>\n<meta name=\"twitter:card\" content=\"summary_large_image\" \/>\n<meta name=\"twitter:label1\" content=\"Tahmini okuma s\u00fcresi\" \/>\n\t<meta name=\"twitter:data1\" content=\"2 dakika\" \/>\n<script type=\"application\/ld+json\" class=\"yoast-schema-graph\">{\"@context\":\"https:\/\/schema.org\",\"@graph\":[{\"@type\":\"WebPage\",\"@id\":\"https:\/\/aslihankaratas.com\/index.php\/mesleki-proje\/\",\"url\":\"https:\/\/aslihankaratas.com\/index.php\/mesleki-proje\/\",\"name\":\"MESLEK\u0130 PROJE - ASLIHAN KARATA\u015e\",\"isPartOf\":{\"@id\":\"https:\/\/aslihankaratas.com\/#website\"},\"datePublished\":\"2025-07-15T20:10:34+00:00\",\"dateModified\":\"2025-08-21T17:20:02+00:00\",\"breadcrumb\":{\"@id\":\"https:\/\/aslihankaratas.com\/index.php\/mesleki-proje\/#breadcrumb\"},\"inLanguage\":\"tr\",\"potentialAction\":[{\"@type\":\"ReadAction\",\"target\":[\"https:\/\/aslihankaratas.com\/index.php\/mesleki-proje\/\"]}]},{\"@type\":\"BreadcrumbList\",\"@id\":\"https:\/\/aslihankaratas.com\/index.php\/mesleki-proje\/#breadcrumb\",\"itemListElement\":[{\"@type\":\"ListItem\",\"position\":1,\"name\":\"Anasayfa\",\"item\":\"https:\/\/aslihankaratas.com\/\"},{\"@type\":\"ListItem\",\"position\":2,\"name\":\"MESLEK\u0130 PROJE\"}]},{\"@type\":\"WebSite\",\"@id\":\"https:\/\/aslihankaratas.com\/#website\",\"url\":\"https:\/\/aslihankaratas.com\/\",\"name\":\"ASLIHAN KARATA\u015e\",\"description\":\"Lecturer\",\"potentialAction\":[{\"@type\":\"SearchAction\",\"target\":{\"@type\":\"EntryPoint\",\"urlTemplate\":\"https:\/\/aslihankaratas.com\/?s={search_term_string}\"},\"query-input\":\"required name=search_term_string\"}],\"inLanguage\":\"tr\"}]}<\/script>\n<!-- \/ Yoast SEO plugin. -->","yoast_head_json":{"title":"MESLEK\u0130 PROJE - ASLIHAN KARATA\u015e","robots":{"index":"index","follow":"follow","max-snippet":"max-snippet:-1","max-image-preview":"max-image-preview:large","max-video-preview":"max-video-preview:-1"},"canonical":"https:\/\/aslihankaratas.com\/index.php\/mesleki-proje\/","og_locale":"tr_TR","og_type":"article","og_title":"MESLEK\u0130 PROJE - ASLIHAN KARATA\u015e","og_description":"\ud83d\udcc5 G\u00f6r\u00fc\u015fmeler \u2705 Vize S\u00fcreci i\u00e7in Haz\u0131rl\u0131klar \ud83d\udd27 Teslim Edilecek \u00dcr\u00fcnler \ud83e\uddd1\u200d\u2696\ufe0f Sunum Kurallar\u0131 \ud83d\udcdd Proje Lideri Taraf\u0131ndan Haz\u0131rlanacak (Vize ve Final) \ud83d\udc54 K\u0131l\u0131k K\u0131yafet Kurallar\u0131 (Vize ve Final) \ud83c\udfaf Final D\u00f6nemi \ud83e\uddd1\u200d\u2696\ufe0f Sunum Kurallar\u0131 \ud83d\udda8\ufe0f Final Sunum G\u00fcn\u00fc EKLER","og_url":"https:\/\/aslihankaratas.com\/index.php\/mesleki-proje\/","og_site_name":"ASLIHAN KARATA\u015e","article_modified_time":"2025-08-21T17:20:02+00:00","twitter_card":"summary_large_image","twitter_misc":{"Tahmini okuma s\u00fcresi":"2 dakika"},"schema":{"@context":"https:\/\/schema.org","@graph":[{"@type":"WebPage","@id":"https:\/\/aslihankaratas.com\/index.php\/mesleki-proje\/","url":"https:\/\/aslihankaratas.com\/index.php\/mesleki-proje\/","name":"MESLEK\u0130 PROJE - ASLIHAN KARATA\u015e","isPartOf":{"@id":"https:\/\/aslihankaratas.com\/#website"},"datePublished":"2025-07-15T20:10:34+00:00","dateModified":"2025-08-21T17:20:02+00:00","breadcrumb":{"@id":"https:\/\/aslihankaratas.com\/index.php\/mesleki-proje\/#breadcrumb"},"inLanguage":"tr","potentialAction":[{"@type":"ReadAction","target":["https:\/\/aslihankaratas.com\/index.php\/mesleki-proje\/"]}]},{"@type":"BreadcrumbList","@id":"https:\/\/aslihankaratas.com\/index.php\/mesleki-proje\/#breadcrumb","itemListElement":[{"@type":"ListItem","position":1,"name":"Anasayfa","item":"https:\/\/aslihankaratas.com\/"},{"@type":"ListItem","position":2,"name":"MESLEK\u0130 PROJE"}]},{"@type":"WebSite","@id":"https:\/\/aslihankaratas.com\/#website","url":"https:\/\/aslihankaratas.com\/","name":"ASLIHAN KARATA\u015e","description":"Lecturer","potentialAction":[{"@type":"SearchAction","target":{"@type":"EntryPoint","urlTemplate":"https:\/\/aslihankaratas.com\/?s={search_term_string}"},"query-input":"required name=search_term_string"}],"inLanguage":"tr"}]}},"jetpack_sharing_enabled":true,"_links":{"self":[{"href":"https:\/\/aslihankaratas.com\/index.php\/wp-json\/wp\/v2\/pages\/961","targetHints":{"allow":["GET"]}}],"collection":[{"href":"https:\/\/aslihankaratas.com\/index.php\/wp-json\/wp\/v2\/pages"}],"about":[{"href":"https:\/\/aslihankaratas.com\/index.php\/wp-json\/wp\/v2\/types\/page"}],"author":[{"embeddable":true,"href":"https:\/\/aslihankaratas.com\/index.php\/wp-json\/wp\/v2\/users\/1"}],"replies":[{"embeddable":true,"href":"https:\/\/aslihankaratas.com\/index.php\/wp-json\/wp\/v2\/comments?post=961"}],"version-history":[{"count":2,"href":"https:\/\/aslihankaratas.com\/index.php\/wp-json\/wp\/v2\/pages\/961\/revisions"}],"predecessor-version":[{"id":971,"href":"https:\/\/aslihankaratas.com\/index.php\/wp-json\/wp\/v2\/pages\/961\/revisions\/971"}],"wp:attachment":[{"href":"https:\/\/aslihankaratas.com\/index.php\/wp-json\/wp\/v2\/media?parent=961"}],"curies":[{"name":"wp","href":"https:\/\/api.w.org\/{rel}","templated":true}]}}